{"id":1218,"date":"2017-08-11T10:22:31","date_gmt":"2017-08-11T10:22:31","guid":{"rendered":"https:\/\/uniformesweb.es\/blog\/?page_id=1218"},"modified":"2017-08-17T14:20:28","modified_gmt":"2017-08-17T14:20:28","slug":"epis","status":"publish","type":"page","link":"https:\/\/uniformesweb.es\/blog\/tipos-de-ropa-de-trabajo\/epis\/","title":{"rendered":"Epis"},"content":{"rendered":"<h2>Epis, uniformes de trabajo.<\/h2>\n<p>Si estas buscando <span style=\"color: #000080;\"><a href=\"https:\/\/uniformesweb.es\/13-epi\">comprar EPI<\/a><\/span> puedes ver todos los productos que vendemos en nuestra web.<\/p>\n<figure id=\"attachment_1232\" aria-describedby=\"caption-attachment-1232\" style=\"width: 150px\" class=\"wp-caption alignnone\"><a href=\"https:\/\/uniformesweb.es\/blog\/ropa-de-trabajo-para\/epis\/tipos-mascarilla\u2026respiratoria-ffp\/\"><img loading=\"lazy\" decoding=\"async\" class=\"wp-image-1232 size-thumbnail\" title=\"Tipos de mascarillas de protecci\u00f3n\" src=\"https:\/\/uniformesweb.es\/blog\/wp-content\/uploads\/2017\/08\/mascarillas-de-protecci\u00f3n-respiratoria-FFP-150x150.png\" alt=\"Tipos de mascarillas de protecci\u00f3n\" width=\"150\" height=\"150\" \/><\/a><figcaption id=\"caption-attachment-1232\" class=\"wp-caption-text\">Tipos de mascarillas de protecci\u00f3n<\/figcaption><\/figure>\n<figure id=\"attachment_1268\" aria-describedby=\"caption-attachment-1268\" style=\"width: 150px\" class=\"wp-caption alignnone\"><a href=\"https:\/\/uniformesweb.es\/blog\/ropa-de-trabajo-para\/epis\/zapatos-de-seguridad\/\"><img loading=\"lazy\" decoding=\"async\" class=\"wp-image-1268 size-thumbnail\" title=\"Zapatos de seguridad para trabajar\" src=\"https:\/\/uniformesweb.es\/blog\/wp-content\/uploads\/2017\/08\/zapatos-de-seguridad-150x150.png\" alt=\"Zapatos para trabajar\" width=\"150\" height=\"150\" \/><\/a><figcaption id=\"caption-attachment-1268\" class=\"wp-caption-text\">Zapatos de protecci\u00f3n<\/figcaption><\/figure>\n<p>&nbsp;<\/p>\n<blockquote class=\"wp-embedded-content\" data-secret=\"kR562x5wKU\"><p><a href=\"https:\/\/uniformesweb.es\/blog\/casco-de-proteccion-epi-imprescindible\/\">Casco de protecci\u00f3n. EPI imprescindible<\/a><\/p><\/blockquote>\n<p><iframe loading=\"lazy\" class=\"wp-embedded-content\" sandbox=\"allow-scripts\" security=\"restricted\" style=\"position: absolute; clip: rect(1px, 1px, 1px, 1px);\" title=\"\u00abCasco de protecci\u00f3n. EPI imprescindible\u00bb \u2014 UniformesWeb\" src=\"https:\/\/uniformesweb.es\/blog\/casco-de-proteccion-epi-imprescindible\/embed\/#?secret=BWO6mDTyjE#?secret=kR562x5wKU\" data-secret=\"kR562x5wKU\" width=\"500\" height=\"282\" frameborder=\"0\" marginwidth=\"0\" marginheight=\"0\" scrolling=\"no\"><\/iframe><\/p>\n<blockquote class=\"wp-embedded-content\" data-secret=\"rxaMwiw5M5\"><p><a href=\"https:\/\/uniformesweb.es\/blog\/chalecos-reflectantes-mas-que-un-epi\/\">Chalecos reflectantes. M\u00e1s que un EPI<\/a><\/p><\/blockquote>\n<p><iframe loading=\"lazy\" class=\"wp-embedded-content\" sandbox=\"allow-scripts\" security=\"restricted\" style=\"position: absolute; clip: rect(1px, 1px, 1px, 1px);\" title=\"\u00abChalecos reflectantes. M\u00e1s que un EPI\u00bb \u2014 UniformesWeb\" src=\"https:\/\/uniformesweb.es\/blog\/chalecos-reflectantes-mas-que-un-epi\/embed\/#?secret=OkbtsX7Z4O#?secret=rxaMwiw5M5\" data-secret=\"rxaMwiw5M5\" width=\"500\" height=\"282\" frameborder=\"0\" marginwidth=\"0\" marginheight=\"0\" scrolling=\"no\"><\/iframe><\/p>\n<blockquote class=\"wp-embedded-content\" data-secret=\"gQnVJxaiap\"><p><a href=\"https:\/\/uniformesweb.es\/blog\/epi-guantes-de-proteccion\/\">EPI: guantes de protecci\u00f3n<\/a><\/p><\/blockquote>\n<p><iframe loading=\"lazy\" class=\"wp-embedded-content\" sandbox=\"allow-scripts\" security=\"restricted\" style=\"position: absolute; clip: rect(1px, 1px, 1px, 1px);\" title=\"\u00abEPI: guantes de protecci\u00f3n\u00bb \u2014 UniformesWeb\" src=\"https:\/\/uniformesweb.es\/blog\/epi-guantes-de-proteccion\/embed\/#?secret=JvZwJMTNWm#?secret=gQnVJxaiap\" data-secret=\"gQnVJxaiap\" width=\"500\" height=\"282\" frameborder=\"0\" marginwidth=\"0\" marginheight=\"0\" scrolling=\"no\"><\/iframe><\/p>\n<blockquote class=\"wp-embedded-content\" data-secret=\"jJdW3tqASy\"><p><a href=\"https:\/\/uniformesweb.es\/blog\/ropa-antiestatica-un-epi-de-importancia\/\">Ropa antiest\u00e1tica, un EPI de importancia<\/a><\/p><\/blockquote>\n<p><iframe loading=\"lazy\" class=\"wp-embedded-content\" sandbox=\"allow-scripts\" security=\"restricted\" style=\"position: absolute; clip: rect(1px, 1px, 1px, 1px);\" title=\"\u00abRopa antiest\u00e1tica, un EPI de importancia\u00bb \u2014 UniformesWeb\" src=\"https:\/\/uniformesweb.es\/blog\/ropa-antiestatica-un-epi-de-importancia\/embed\/#?secret=3OoBkCBTg9#?secret=jJdW3tqASy\" data-secret=\"jJdW3tqASy\" width=\"500\" height=\"282\" frameborder=\"0\" marginwidth=\"0\" marginheight=\"0\" scrolling=\"no\"><\/iframe><\/p>\n<blockquote class=\"wp-embedded-content\" data-secret=\"KEt6at2BS4\"><p><a href=\"https:\/\/uniformesweb.es\/blog\/gafas-de-seguridad-un-epi-imprescindible\/\">Gafas de seguridad, un EPI imprescindible<\/a><\/p><\/blockquote>\n<p><iframe loading=\"lazy\" class=\"wp-embedded-content\" sandbox=\"allow-scripts\" security=\"restricted\" style=\"position: absolute; clip: rect(1px, 1px, 1px, 1px);\" title=\"\u00abGafas de seguridad, un EPI imprescindible\u00bb \u2014 UniformesWeb\" src=\"https:\/\/uniformesweb.es\/blog\/gafas-de-seguridad-un-epi-imprescindible\/embed\/#?secret=nxjzreQvJ8#?secret=KEt6at2BS4\" data-secret=\"KEt6at2BS4\" width=\"500\" height=\"282\" frameborder=\"0\" marginwidth=\"0\" marginheight=\"0\" scrolling=\"no\"><\/iframe><\/p>\n<blockquote class=\"wp-embedded-content\" data-secret=\"wUtIPk9AEK\"><p><a href=\"https:\/\/uniformesweb.es\/blog\/epi-de-gran-importancia-los-auriculares\/\">EPI de gran importancia: los auriculares<\/a><\/p><\/blockquote>\n<p><iframe loading=\"lazy\" class=\"wp-embedded-content\" sandbox=\"allow-scripts\" security=\"restricted\" style=\"position: absolute; clip: rect(1px, 1px, 1px, 1px);\" title=\"\u00abEPI de gran importancia: los auriculares\u00bb \u2014 UniformesWeb\" src=\"https:\/\/uniformesweb.es\/blog\/epi-de-gran-importancia-los-auriculares\/embed\/#?secret=3MIk2ebvdF#?secret=wUtIPk9AEK\" data-secret=\"wUtIPk9AEK\" width=\"500\" height=\"282\" frameborder=\"0\" marginwidth=\"0\" marginheight=\"0\" scrolling=\"no\"><\/iframe><\/p>\n<p>&nbsp;<\/p>\n","protected":false},"excerpt":{"rendered":"<p>Epis, uniformes de trabajo. Si estas buscando comprar EPI puedes ver todos los productos que vendemos en nuestra web. &nbsp; Casco de protecci\u00f3n. EPI imprescindible Chalecos reflectantes. M\u00e1s que un EPI EPI: guantes de protecci\u00f3n Ropa antiest\u00e1tica, un EPI de importancia Gafas de seguridad, un EPI imprescindible EPI de gran importancia: los auriculares &nbsp;<\/p>\n","protected":false},"author":2,"featured_media":0,"parent":801,"menu_order":0,"comment_status":"closed","ping_status":"closed","template":"","meta":{"site-sidebar-layout":"default","site-content-layout":"default","ast-global-header-display":"","ast-banner-title-visibility":"","ast-main-header-display":"","ast-hfb-above-header-display":"","ast-hfb-below-header-display":"","ast-hfb-mobile-header-display":"","site-post-title":"","ast-breadcrumbs-content":"","ast-featured-img":"","footer-sml-layout":"","theme-transparent-header-meta":"","adv-header-id-meta":"","stick-header-meta":"","header-above-stick-meta":"","header-main-stick-meta":"","header-below-stick-meta":"","footnotes":""},"class_list":["post-1218","page","type-page","status-publish","hentry"],"_links":{"self":[{"href":"https:\/\/uniformesweb.es\/blog\/wp-json\/wp\/v2\/pages\/1218","targetHints":{"allow":["GET"]}}],"collection":[{"href":"https:\/\/uniformesweb.es\/blog\/wp-json\/wp\/v2\/pages"}],"about":[{"href":"https:\/\/uniformesweb.es\/blog\/wp-json\/wp\/v2\/types\/page"}],"author":[{"embeddable":true,"href":"https:\/\/uniformesweb.es\/blog\/wp-json\/wp\/v2\/users\/2"}],"replies":[{"embeddable":true,"href":"https:\/\/uniformesweb.es\/blog\/wp-json\/wp\/v2\/comments?post=1218"}],"version-history":[{"count":7,"href":"https:\/\/uniformesweb.es\/blog\/wp-json\/wp\/v2\/pages\/1218\/revisions"}],"predecessor-version":[{"id":1272,"href":"https:\/\/uniformesweb.es\/blog\/wp-json\/wp\/v2\/pages\/1218\/revisions\/1272"}],"up":[{"embeddable":true,"href":"https:\/\/uniformesweb.es\/blog\/wp-json\/wp\/v2\/pages\/801"}],"wp:attachment":[{"href":"https:\/\/uniformesweb.es\/blog\/wp-json\/wp\/v2\/media?parent=1218"}],"curies":[{"name":"wp","href":"https:\/\/api.w.org\/{rel}","templated":true}]}}