{"id":1227,"date":"2017-08-11T10:45:00","date_gmt":"2017-08-11T10:45:00","guid":{"rendered":"https:\/\/uniformesweb.es\/blog\/?page_id=1227"},"modified":"2017-08-17T14:19:15","modified_gmt":"2017-08-17T14:19:15","slug":"tipos-mascarillas-proteccion-respiratoria-ffp","status":"publish","type":"page","link":"https:\/\/uniformesweb.es\/blog\/tipos-de-ropa-de-trabajo\/epis\/tipos-mascarillas-proteccion-respiratoria-ffp\/","title":{"rendered":"Tipos de mascarillas de protecci\u00f3n respiratoria FFP"},"content":{"rendered":"<h2 style=\"text-align: center;\">Todo lo que debes saber acerca de:<\/h2>\n<h2 style=\"text-align: center;\"><strong>las Mascarillas de Protecci\u00f3n Respiratoria FFP<\/strong><\/h2>\n<p><img loading=\"lazy\" decoding=\"async\" class=\"wp-image-1228 size-full aligncenter\" src=\"https:\/\/uniformesweb.es\/blog\/wp-content\/uploads\/2017\/08\/mascarilla-ffp2.png\" alt=\"tipos de mascariilas de proteccion\" width=\"640\" height=\"400\" srcset=\"https:\/\/uniformesweb.es\/blog\/wp-content\/uploads\/2017\/08\/mascarilla-ffp2.png 640w, https:\/\/uniformesweb.es\/blog\/wp-content\/uploads\/2017\/08\/mascarilla-ffp2-300x188.png 300w\" sizes=\"auto, (max-width: 640px) 100vw, 640px\" \/><\/p>\n<p align=\"justify\">En el mundo laboral las reglas del juego han cambiado, antes miles de hombre y mujeres fallec\u00edan por condiciones insalubres de trabajo, hombres trabajaban en miner\u00eda sin el equipo de protecci\u00f3n adecuado u otros en f\u00e1bricas donde aspiraban agentes t\u00f3xicos de manera olfativa o hasta por la misma piel.<\/p>\n<p align=\"justify\">Hoy en d\u00eda la seguridad del trabajador es fundamental, por esta raz\u00f3n hay una serie de: ropa de trabajo, mascarillas, cascos, guantes y toda clase de equipo de seguridad que le brinda seguridad y las condiciones higi\u00e9nicas y ambientales m\u00e1s adecuadas al trabajador.<\/p>\n<p align=\"justify\">Una de las prendas con mayor importancia en el mundo laboral, son: las mascarillas de protecci\u00f3n respiratoria FFP. Este equipamiento de seguridad protege el sistema respiratorio del empleado, lo que probablemente no sab\u00edas, es que; hay una ideal para cada tipo de trabajo, seg\u00fan sea el vapor, humo, polvo, gas o desecho que se emane durante los procedimientos que ejecuta el empleado.<\/p>\n<p align=\"justify\">Hoy aprenderemos un poco m\u00e1s acerca de la seguridad industrial, y en especial todo aquello que est\u00e1 relacionado a las mascarillas de protecci\u00f3n respiratoria, hasta te indicaremos cual es la mejor para tus necesidades, cuales tipos hay, sus funciones y como elegirlas adecuadamente.<\/p>\n<h2 class=\"western\"><span style=\"font-family: 'Century Gothic', serif;\"><span style=\"font-size: large;\">Mascarilla de Protecci\u00f3n Respiratoria FFP<\/span><\/span><\/h2>\n<p align=\"justify\">En el mundo de la seguridad, higiene y ambiente laboral hay todo tipo de mascarilla, en este caso hablaremos de la mascarilla de protecci\u00f3n respiratoria FFP; Filtering Facepiece, como su nombre te explica es una pieza que se coloca en el rostro, usada para filtrar. B\u00e1sicamente esta mascarilla protectora cumple con la labor de evitar en cierta medida la inhalaci\u00f3n de polvo, humo y algunos tipos de aerosoles.<\/p>\n<p align=\"justify\">Pese a lo anterior este tipo de mascarilla protectora que est\u00e1 marcada con las siglas FFP no brinda protecci\u00f3n contra: gases y vapores t\u00f3xicos muy fuertes.<\/p>\n<p align=\"justify\">Las mascarillas protectoras FFP deben ser usada s\u00f3lo en: ambientes laborales donde la concentraci\u00f3n m\u00e1xima de humo, polvo y\/o aerosoles no cause un da\u00f1o en la salud al ser ligeramente expuestos a ella, es decir; que sea respirable. De no ser las condiciones ambientales como se explica en el p\u00e1rrafo anterior se debe optar por un equipo de protecci\u00f3n respiratoria a\u00fan m\u00e1s elaborado.<\/p>\n<p align=\"justify\">Hay varios tipos de mascarillas de protecci\u00f3n respiratoria FFP, a continuaci\u00f3n, te los explicamos.<\/p>\n<h2 class=\"western\" align=\"center\"><span style=\"font-family: 'Century Gothic', serif;\"><span style=\"font-size: large;\">Tipos de Mascarillas de Protecci\u00f3n Respiratoria FFP<\/span><\/span><\/h2>\n<p align=\"center\">Las mascarillas de protecci\u00f3n respiratoria suelen dividirse en tres tipos, que son: FFP1, FFP2 Y FFP3, dependiendo del tipo de contaminante se selecciona.<\/p>\n<h3 class=\"western\"><span style=\"color: #000000;\"><span style=\"font-size: large;\"><b>La Mascarilla Protectora FFP1<\/b><\/span><\/span><\/h3>\n<p align=\"justify\">Esta mascarilla de protecci\u00f3n respiratoria te protege de residuos no t\u00f3xicos y no fibrog\u00e9nicos de polvo o aerosoles. Esta mascarilla protectora suele usarse en las construcciones e industria alimenticias. B\u00e1sicamente con este tipo de mascarilla se busca, que en entornos donde como m\u00e1ximo halla una transgresi\u00f3n MAK de cuatro veces el empleado no inhale lo residuos, y evite irritar sus v\u00edas respiratoria y tambi\u00e9n los olores molestos.<\/p>\n<h3 class=\"western\"><span style=\"color: #000000;\"><span style=\"font-size: large;\"><b>La Mascarilla Protectora FFP2<\/b><\/span><\/span><\/h3>\n<p align=\"justify\">Dicha mascarilla de protecci\u00f3n respiratoria evita la inhalaci\u00f3n de fluidos t\u00f3xicos de polvo, aerosoles y humos. En comparaci\u00f3n con la FFP1 esta tiene un umbral de protecci\u00f3n mayor, ya que; incluye la defensa contra elementos fibrog\u00e9nicos. Aqu\u00ed la transgresi\u00f3n MAK puede ascender a un m\u00e1ximo del 11% lo que en palabras sencillas; evita que el trabajador irrite su sistema respiratorio y pierda la elasticidad de su tejido pulmonar.<\/p>\n<p align=\"justify\">Este tipo de mascarilla protectora suele usarse en la industria de la miner\u00eda y la metalurgia, sobre todo porque en dichas \u00e1reas laborales brinda protecci\u00f3n contra los: aerosoles, el humo y la niebla.<\/p>\n<h3 class=\"western\"><span style=\"color: #000000;\"><span style=\"font-size: large;\"><b>Las Mascarilla Protectora FFP3<\/b><\/span><\/span><\/h3>\n<p align=\"justify\"><img loading=\"lazy\" decoding=\"async\" class=\"size-thumbnail wp-image-1231 alignleft\" src=\"https:\/\/uniformesweb.es\/blog\/wp-content\/uploads\/2017\/08\/Mascarilla-Protectora-FFP3-150x150.png\" alt=\"Tipos de Mascarillas de Protecci\u00f3n Respiratoria, Mascarilla Protectora FFP3\" width=\"150\" height=\"150\" \/>Esta mascarilla brinda m\u00e1s protecci\u00f3n que las anteriores dos, b\u00e1sicamente te protegen de varios tipos de polvos venenosos y t\u00f3xicos, humo y hasta aerosoles. Adicional brinda defensa contra ciertos pat\u00f3genos, como: bacterias, virus, esporas; de hongos y radioactivas.<\/p>\n<p align=\"justify\">Del tipo de mascarillas de protecci\u00f3n filtrantes la FFP3 es que la brinda mayor umbral de protecci\u00f3n. Estas se utilizan con regularidad en la industria qu\u00edmica.<\/p>\n<h2 class=\"western\"><span style=\"font-family: 'Century Gothic', serif;\"><span style=\"font-size: large;\">Ajuste y soporte de las mascarillas de protecci\u00f3n respiratoria FFP<\/span><\/span><\/h2>\n<p align=\"justify\">Una buena mascarilla de protecci\u00f3n respiratoria filtrante no sirve de nada si es usada incorrectamente. Por lo anterior su ajuste y soporte en la cara debe ser adecuado, para que cumpla con la funci\u00f3n para la cual es fabricada.<\/p>\n<p align=\"justify\"><img loading=\"lazy\" decoding=\"async\" class=\"alignright wp-image-1232 size-full\" src=\"https:\/\/uniformesweb.es\/blog\/wp-content\/uploads\/2017\/08\/mascarillas-de-protecci\u00f3n-respiratoria-FFP.png\" alt=\"\" width=\"428\" height=\"640\" srcset=\"https:\/\/uniformesweb.es\/blog\/wp-content\/uploads\/2017\/08\/mascarillas-de-protecci\u00f3n-respiratoria-FFP.png 428w, https:\/\/uniformesweb.es\/blog\/wp-content\/uploads\/2017\/08\/mascarillas-de-protecci\u00f3n-respiratoria-FFP-201x300.png 201w\" sizes=\"auto, (max-width: 428px) 100vw, 428px\" \/>Para asegurar el mejor ajuste de la mascarilla de protecci\u00f3n respiratoria FFP, siga las siguientes instrucciones:<\/p>\n<ul>\n<li>\n<p align=\"justify\">Recuerde debe estar bien sellada. Entre la cara y el borde de la mascarilla debe haber total sellado, para evitar la entrada de contaminantes por cualquier abertura.<\/p>\n<\/li>\n<li>\n<p align=\"justify\">Siga siempre las instrucciones del fabricante.<\/p>\n<\/li>\n<li>\n<p align=\"justify\">Sujete sobre la coronilla la banda de la mascarilla, esta no debe estar torcida.<\/p>\n<\/li>\n<li>\n<p align=\"justify\">El clic de la mascarilla que se situ\u00e1 sobre la nariz es ajustable, t\u00fa puedes con tus dedos darle la forma que m\u00e1s se adapte a tu rostro; teniendo en mente siempre el mayor sellado de la mascarilla.<\/p>\n<\/li>\n<li>\n<p align=\"justify\">Las bandas de la mascarilla no deben estar torcidas nunca.<\/p>\n<\/li>\n<li>\n<p align=\"justify\">Si la mascarilla es plegable, los paneles debes ser desplegados.<\/p>\n<\/li>\n<\/ul>\n<p>&nbsp;<\/p>\n<p>&nbsp;<\/p>\n<p>&nbsp;<\/p>\n<p>&nbsp;<\/p>\n<p>&nbsp;<\/p>\n<p>&nbsp;<\/p>\n<h2 class=\"western\"><span style=\"font-family: 'Century Gothic', serif;\"><span style=\"font-size: large;\">\u00bfQue tomar en cuenta a la hora de elegir mascarillas de protecci\u00f3n respiratoria? Simple; usa la regla IESI<\/span><\/span><\/h2>\n<p align=\"justify\">Un empleado puede ver su salud respiratoria alterada por diferentes factores, en el \u00e1rea de trabajo puede ser por los factores de externos o por las acciones que se realizan. En palabras m\u00e1s simple un trabajador por causas externas, como: gases t\u00f3xicos en el ambiente puede enfermarse, o en otro caso por manipulaci\u00f3n o una acci\u00f3n que hace durante el trabajo, por ejemplo: un soldador que esta expuesto a una especie de residuo toxico por la labor que est\u00e1 realizando.<\/p>\n<p align=\"justify\">Es importante a la hora de elegir mascarilla identificar adecuadamente el tipo necesario para el trabajo que se realiza, una forma sencilla de hacerlo es aplicar la regla IESI.<\/p>\n<h2 class=\"western\"><span style=\"color: #000000;\"><span style=\"font-size: large;\"><b>La regla IESI: Identificar, Evaluar, Seleccionar e Informar<\/b><\/span><\/span><\/h2>\n<p align=\"justify\">B\u00e1sicamente esta regla ayuda al empleado y a la empresa a protegerse. IESI, son 4 pasos que debe seguir todo empleador y empleado para resguardar su salud. Esta trata de lo siguiente:<\/p>\n<p align=\"justify\"><b>IDENTIFICAR LOS PELIGROS<\/b>: este primer paso es fundamental, la empresa debe identificar los peligros externos, internos y por manipulaci\u00f3n a los que est\u00e1n expuestos los empleados. Debe tener conocimiento del tipo de residuo toxico que emana durante las labores, ya sean: gases, vapores y residuos m\u00e1s tangibles como esquirlas de metal.<\/p>\n<p align=\"justify\">El segundo paso es <b>EVALUAR OBJETIVAMENTE EL RIESGO<\/b>, teniendo como basamento las normas de seguridad, higiene y ambiente laboral. Estudiando a cabalidad como puede reaccionar el cuerpo en totalidad del empleado a los peligros identificados. Lo anterior permite al contratante la selecci\u00f3n del equipo de seguridad o mascarilla protectora adecuada en este caso.<\/p>\n<p align=\"justify\"><b>SELECCI\u00d3N DEL EQUIPAMIENTO DE SEGURIDAD<\/b>: este tercer paso es fundamental, se comparan los datos recolectados en el primer y segundo paso para con conocimiento encontrar la mascarilla de protecci\u00f3n respiratoria ideal.<\/p>\n<p align=\"justify\">El \u00faltimo paso es igual de importante que los primeros tres, a pesar de no parecer tener mucha repercusi\u00f3n: <b>INFORMAR<\/b>. S\u00ed, as\u00ed es; debe la empresa informar al empleado tres puntos importantes: porque, como y cuando se debe usar la mascarilla de protecci\u00f3n respiratoria.<\/p>\n<p align=\"justify\">Sin este \u00faltimo paso los primeros tres no sirven de nada, pues imagina que el empleado usa inadecuadamente la mascarilla, simplemente no est\u00e1 cumpliendo su cometido de proteger y la empresa no est\u00e1 logrando su deber: brindar un ambiente seguro para todos.<\/p>\n<p align=\"justify\">Es importante educar al empleado adecuadamente para evitar problemas a futuro.<\/p>\n<h2 class=\"western\"><span style=\"font-family: 'Century Gothic', serif;\"><span style=\"font-size: large;\">Caracter\u00edsticas que debe tener la mascarilla de protecci\u00f3n respiratoria ideal<\/span><\/span><\/h2>\n<p align=\"justify\">Una mascarilla de protecci\u00f3n respiratoria ideal no s\u00f3lo protege al usuario de emanaciones toxicas, humo, polvo y aerosoles, sino que le brindan al trabajador comodidad. Por lo anterior una buena mascarilla de protecci\u00f3n respiratoria debe gozar de ciertas caracter\u00edsticas, como:<\/p>\n<figure id=\"attachment_1240\" aria-describedby=\"caption-attachment-1240\" style=\"width: 150px\" class=\"wp-caption alignright\"><img loading=\"lazy\" decoding=\"async\" class=\"wp-image-1240 size-thumbnail\" src=\"https:\/\/uniformesweb.es\/blog\/wp-content\/uploads\/2017\/08\/mascarilla-ffp2-1-150x150.png\" alt=\"mascarilla ffp2\" width=\"150\" height=\"150\" \/><figcaption id=\"caption-attachment-1240\" class=\"wp-caption-text\">Mascarilla ffp2 de protecci\u00f3n<\/figcaption><\/figure>\n<ul>\n<li>\n<p align=\"justify\">Debe tener un dise\u00f1o ergon\u00f3mico, que evite la perdida de capacidades auditivas o visuales.<\/p>\n<\/li>\n<li>\n<p align=\"justify\">No debe ser muy pesada, lo ideal es que sea lo m\u00e1s ligera posible.<\/p>\n<\/li>\n<li>\n<p align=\"justify\">El sistema de ajuste es importante, trata de optar por mascarillas con arn\u00e9s de cabeza.<\/p>\n<\/li>\n<li>\n<p align=\"justify\">El material debe ser blando y gentil, en especial el que est\u00e1 en contacto y hace presi\u00f3n en el rostro.<\/p>\n<\/li>\n<li>\n<p align=\"justify\">El material adicional de c\u00f3modo debe ser hipoalerg\u00e9nico. Lo anterior con la intenci\u00f3n de evitar reacciones al\u00e9rgicas o irritaciones cut\u00e1neas.<\/p>\n<\/li>\n<li>\n<p align=\"justify\">La mascarilla no debe dificultar la respiraci\u00f3n.<\/p>\n<\/li>\n<li>\n<p align=\"justify\">Lo ideal es que dicho equipo de protecci\u00f3n respiratoria no tenga olor.<\/p>\n<\/li>\n<\/ul>\n<p align=\"justify\"><span class=\"sd-abs-pos\">\u00a0<\/span><\/p>\n<h2 class=\"western\"><span style=\"font-family: 'Century Gothic', serif;\"><span style=\"font-size: large;\">Importancia de la Mascarilla de Protecci\u00f3n Respiratoria FFP para la empresa y el empleado<\/span><\/span><\/h2>\n<p align=\"justify\"><img loading=\"lazy\" decoding=\"async\" class=\"wp-image-1239 alignleft\" src=\"https:\/\/uniformesweb.es\/blog\/wp-content\/uploads\/2017\/08\/mascarillas-de-seguridad.png\" alt=\"\" width=\"312\" height=\"468\" srcset=\"https:\/\/uniformesweb.es\/blog\/wp-content\/uploads\/2017\/08\/mascarillas-de-seguridad.png 427w, https:\/\/uniformesweb.es\/blog\/wp-content\/uploads\/2017\/08\/mascarillas-de-seguridad-200x300.png 200w\" sizes=\"auto, (max-width: 312px) 100vw, 312px\" \/>Las estrictas leyes de seguridad y ambiente laboral son muy importantes, sin ellas no s\u00f3lo el empleado esta expuestos a riesgo innecesarios, sino que el mismo empleador o la empresa puede salir perjudicado. La adecuada seguridad e higiene en las empresas benefician a todos, tanto empleador como trabajador.<\/p>\n<p align=\"justify\">Cada a\u00f1o cientos de empresas salen perjudicadas monetariamente, por demandas de empleados que fueron v\u00edctimas de condiciones de trabajo inadecuadas. Se han visto caso donde la empresa est\u00e1 obligada a una indemnizaci\u00f3n y, adicional a pagarle un salario de por vida al agredido. Y, la peor parte se la lleva el empleado, quien en ocasiones puede enfermar gravemente.<\/p>\n<p align=\"justify\">Muchas de las veces las empresas incurren en fallos de seguridad, higiene y ambiente por desconocimiento o mala asesor\u00eda. Por ejemplo: empresas cuyos empleados manipulan equipos y compuestos, como: soldaduras y usan una mascarilla protectora que no es la ideal para el tipo de desecho ambiental.<\/p>\n<p align=\"justify\">Es fundamental para la empresa informarse adecuadamente acerca del tipo de riesgo y contaminante que se pueden producir durante las labores, y acerca de cu\u00e1l es el mejor equipamiento de seguridad y ropa de trabajo.<\/p>\n<p align=\"center\"><span style=\"font-size: large;\"><i>Recuerda el equipamiento de seguridad y buena ropa de trabajo como la de <\/i><\/span><span style=\"font-size: large;\"><i><b>Uniformes Web<\/b><\/i><\/span><span style=\"font-size: large;\"><i>, protege a tu valioso recurso humano y preciada empresa. No dudes en contactarnos, tenemos la mejor asesor\u00eda, la m\u00e1s alta calidad y los precios m\u00e1s bajos\u2026<\/i><\/span><\/p>\n","protected":false},"excerpt":{"rendered":"<p>Todo lo que debes saber acerca de: las Mascarillas de Protecci\u00f3n Respiratoria FFP En el mundo laboral las reglas del juego han cambiado, antes miles de hombre y mujeres fallec\u00edan por condiciones insalubres de trabajo, hombres trabajaban en miner\u00eda sin el equipo de protecci\u00f3n adecuado u otros en f\u00e1bricas donde aspiraban agentes t\u00f3xicos de manera &hellip;<\/p>\n<p class=\"read-more\"> <a class=\"\" href=\"https:\/\/uniformesweb.es\/blog\/tipos-de-ropa-de-trabajo\/epis\/tipos-mascarillas-proteccion-respiratoria-ffp\/\"> <span class=\"screen-reader-text\">Tipos de mascarillas de protecci\u00f3n respiratoria FFP<\/span> Leer m\u00e1s &raquo;<\/a><\/p>\n","protected":false},"author":2,"featured_media":1232,"parent":1218,"menu_order":0,"comment_status":"closed","ping_status":"closed","template":"","meta":{"site-sidebar-layout":"default","site-content-layout":"default","ast-global-header-display":"","ast-banner-title-visibility":"","ast-main-header-display":"","ast-hfb-above-header-display":"","ast-hfb-below-header-display":"","ast-hfb-mobile-header-display":"","site-post-title":"","ast-breadcrumbs-content":"","ast-featured-img":"","footer-sml-layout":"","theme-transparent-header-meta":"","adv-header-id-meta":"","stick-header-meta":"","header-above-stick-meta":"","header-main-stick-meta":"","header-below-stick-meta":"","footnotes":""},"class_list":["post-1227","page","type-page","status-publish","has-post-thumbnail","hentry"],"_links":{"self":[{"href":"https:\/\/uniformesweb.es\/blog\/wp-json\/wp\/v2\/pages\/1227","targetHints":{"allow":["GET"]}}],"collection":[{"href":"https:\/\/uniformesweb.es\/blog\/wp-json\/wp\/v2\/pages"}],"about":[{"href":"https:\/\/uniformesweb.es\/blog\/wp-json\/wp\/v2\/types\/page"}],"author":[{"embeddable":true,"href":"https:\/\/uniformesweb.es\/blog\/wp-json\/wp\/v2\/users\/2"}],"replies":[{"embeddable":true,"href":"https:\/\/uniformesweb.es\/blog\/wp-json\/wp\/v2\/comments?post=1227"}],"version-history":[{"count":6,"href":"https:\/\/uniformesweb.es\/blog\/wp-json\/wp\/v2\/pages\/1227\/revisions"}],"predecessor-version":[{"id":1271,"href":"https:\/\/uniformesweb.es\/blog\/wp-json\/wp\/v2\/pages\/1227\/revisions\/1271"}],"up":[{"embeddable":true,"href":"https:\/\/uniformesweb.es\/blog\/wp-json\/wp\/v2\/pages\/1218"}],"wp:featuredmedia":[{"embeddable":true,"href":"https:\/\/uniformesweb.es\/blog\/wp-json\/wp\/v2\/media\/1232"}],"wp:attachment":[{"href":"https:\/\/uniformesweb.es\/blog\/wp-json\/wp\/v2\/media?parent=1227"}],"curies":[{"name":"wp","href":"https:\/\/api.w.org\/{rel}","templated":true}]}}